{"id":472,"date":"2025-07-08T15:40:02","date_gmt":"2025-07-08T13:40:02","guid":{"rendered":"https:\/\/ceramique-de-lamotte.remusat.fr\/?post_type=product&#038;p=472"},"modified":"2025-07-08T16:04:47","modified_gmt":"2025-07-08T14:04:47","slug":"grand-pot-a-olivesdecor-emma-peint-main-levee-et-signe-rrt","status":"publish","type":"product","link":"https:\/\/ceramique-de-lamotte.remusat.fr\/?product=grand-pot-a-olivesdecor-emma-peint-main-levee-et-signe-rrt","title":{"rendered":"Grand pot \u00e0 olives,d\u00e9cor Emma, peint \u00ab\u00a0main lev\u00e9e\u00a0\u00bb et sign\u00e9 RRt H=20 cm"},"content":{"rendered":"<figure id=\"attachment_473\" aria-describedby=\"caption-attachment-473\" style=\"width: 219px\" class=\"wp-caption alignnone\"><img class=\"size-medium wp-image-473 lws-optimize-lazyload\"  alt=\"\" width=\"219\" height=\"300\" \/ data-src=\"https:\/\/ceramique-de-lamotte.remusat.fr\/wp-content\/uploads\/2025\/07\/2025-07-07-20.10.26-219x300.jpg\" srcset=\"https:\/\/ceramique-de-lamotte.remusat.fr\/wp-content\/uploads\/2025\/07\/2025-07-07-20.10.26-219x300.jpg 219w, https:\/\/ceramique-de-lamotte.remusat.fr\/wp-content\/uploads\/2025\/07\/2025-07-07-20.10.26-748x1024.jpg 748w, https:\/\/ceramique-de-lamotte.remusat.fr\/wp-content\/uploads\/2025\/07\/2025-07-07-20.10.26-768x1051.jpg 768w, https:\/\/ceramique-de-lamotte.remusat.fr\/wp-content\/uploads\/2025\/07\/2025-07-07-20.10.26-1122x1536.jpg 1122w, https:\/\/ceramique-de-lamotte.remusat.fr\/wp-content\/uploads\/2025\/07\/2025-07-07-20.10.26-1496x2048.jpg 1496w, https:\/\/ceramique-de-lamotte.remusat.fr\/wp-content\/uploads\/2025\/07\/2025-07-07-20.10.26-600x821.jpg 600w, https:\/\/ceramique-de-lamotte.remusat.fr\/wp-content\/uploads\/2025\/07\/2025-07-07-20.10.26-scaled.jpg 1870w\" sizes=\"(max-width: 219px) 100vw, 219px\" \/><figcaption id=\"caption-attachment-473\" class=\"wp-caption-text\">Grand pot olives<\/figcaption><\/figure>\n<p><img class=\"size-medium wp-image-474 lws-optimize-lazyload\"  alt=\"\" width=\"217\" height=\"300\" \/ data-src=\"https:\/\/ceramique-de-lamotte.remusat.fr\/wp-content\/uploads\/2025\/07\/2025-07-07-20.10.43-217x300.jpg\" srcset=\"https:\/\/ceramique-de-lamotte.remusat.fr\/wp-content\/uploads\/2025\/07\/2025-07-07-20.10.43-217x300.jpg 217w, https:\/\/ceramique-de-lamotte.remusat.fr\/wp-content\/uploads\/2025\/07\/2025-07-07-20.10.43-742x1024.jpg 742w, https:\/\/ceramique-de-lamotte.remusat.fr\/wp-content\/uploads\/2025\/07\/2025-07-07-20.10.43-768x1059.jpg 768w, https:\/\/ceramique-de-lamotte.remusat.fr\/wp-content\/uploads\/2025\/07\/2025-07-07-20.10.43-1114x1536.jpg 1114w, https:\/\/ceramique-de-lamotte.remusat.fr\/wp-content\/uploads\/2025\/07\/2025-07-07-20.10.43-1485x2048.jpg 1485w, https:\/\/ceramique-de-lamotte.remusat.fr\/wp-content\/uploads\/2025\/07\/2025-07-07-20.10.43-600x828.jpg 600w, https:\/\/ceramique-de-lamotte.remusat.fr\/wp-content\/uploads\/2025\/07\/2025-07-07-20.10.43-scaled.jpg 1856w\" sizes=\"(max-width: 217px) 100vw, 217px\" \/><\/p>\n<p><img class=\"size-medium wp-image-475 lws-optimize-lazyload\"  alt=\"\" width=\"295\" height=\"300\" \/ data-src=\"https:\/\/ceramique-de-lamotte.remusat.fr\/wp-content\/uploads\/2025\/07\/2025-07-07-20.10.54-295x300.jpg\" srcset=\"https:\/\/ceramique-de-lamotte.remusat.fr\/wp-content\/uploads\/2025\/07\/2025-07-07-20.10.54-295x300.jpg 295w, https:\/\/ceramique-de-lamotte.remusat.fr\/wp-content\/uploads\/2025\/07\/2025-07-07-20.10.54-1008x1024.jpg 1008w, https:\/\/ceramique-de-lamotte.remusat.fr\/wp-content\/uploads\/2025\/07\/2025-07-07-20.10.54-768x780.jpg 768w, https:\/\/ceramique-de-lamotte.remusat.fr\/wp-content\/uploads\/2025\/07\/2025-07-07-20.10.54-1512x1536.jpg 1512w, https:\/\/ceramique-de-lamotte.remusat.fr\/wp-content\/uploads\/2025\/07\/2025-07-07-20.10.54-2016x2048.jpg 2016w, https:\/\/ceramique-de-lamotte.remusat.fr\/wp-content\/uploads\/2025\/07\/2025-07-07-20.10.54-600x610.jpg 600w\" sizes=\"(max-width: 295px) 100vw, 295px\" \/><\/p>\n<p>&nbsp;<\/p>\n<p>&nbsp;<\/p>\n<p>&nbsp;<\/p>\n<p>&nbsp;<\/p>\n","protected":false},"excerpt":{"rendered":"<p>Grand pot \u00e0 olives, \u00ab\u00a0d\u00e9cor Emma\u00a0\u00bb, peint \u00ab\u00a0main lev\u00e9e\u00a0\u00bb et sign\u00e9 RRt<\/p>\n<p>Hauteur 20 cm<\/p>\n<p>(Photos, non contractuelles, les commandes peuvent varier, les dessins \u00e9tant \u00e0 main lev\u00e9e)<\/p>\n<p>D\u00e9cor sous couverte ( couleur ivoire)<\/p>\n","protected":false},"featured_media":474,"comment_status":"open","ping_status":"closed","template":"","meta":[],"product_brand":[42],"product_cat":[27,22,23,32,30,41,24],"product_tag":[43],"class_list":{"0":"post-472","1":"product","2":"type-product","3":"status-publish","4":"has-post-thumbnail","6":"product_brand-ceramique-de-lamotte-par-renaud-remusat","7":"product_cat-ange-gres","8":"product_cat-assiette-a-dessert","9":"product_cat-assiette-plate","10":"product_cat-carreau-de-faience-signee-rrt","11":"product_cat-faience","12":"product_cat-pichet","13":"product_cat-plat-creux-d-31-cm","14":"product_tag-pot-olive","15":"product_shipping_class-l2","17":"first","18":"instock","19":"featured","20":"purchasable","21":"product-type-simple"},"yoast_head":"<!-- This site is optimized with the Yoast SEO plugin v27.4 - https:\/\/yoast.com\/product\/yoast-seo-wordpress\/ -->\n<title>Grand pot \u00e0 olives,d\u00e9cor Emma, peint &quot;main lev\u00e9e&quot; et sign\u00e9 RRt H=20 cm - C\u00e9ramique de Lamotte par Renaud R\u00e9musat - Arts de la table, fresques sur mesure 24530 La Chapelle-Faucher - Tel : 0615941062<\/title>\n<meta name=\"robots\" content=\"index, follow, max-snippet:-1, max-image-preview:large, max-video-preview:-1\" \/>\n<link rel=\"canonical\" href=\"https:\/\/ceramique-de-lamotte.remusat.fr\/?product=grand-pot-a-olivesdecor-emma-peint-main-levee-et-signe-rrt\" \/>\n<meta property=\"og:locale\" content=\"fr_FR\" \/>\n<meta property=\"og:type\" content=\"article\" \/>\n<meta property=\"og:title\" content=\"Grand pot \u00e0 olives,d\u00e9cor Emma, peint &quot;main lev\u00e9e&quot; et sign\u00e9 RRt H=20 cm - C\u00e9ramique de Lamotte par Renaud R\u00e9musat - Arts de la table, fresques sur mesure 24530 La Chapelle-Faucher - Tel : 0615941062\" \/>\n<meta property=\"og:description\" content=\"Grand pot \u00e0 olives, &quot;d\u00e9cor Emma&quot;, peint &quot;main lev\u00e9e&quot; et sign\u00e9 RRt  Hauteur 20 cm  (Photos, non contractuelles, les commandes peuvent varier, les dessins \u00e9tant \u00e0 main lev\u00e9e)  D\u00e9cor sous couverte ( couleur ivoire)\" \/>\n<meta property=\"og:url\" content=\"https:\/\/ceramique-de-lamotte.remusat.fr\/?product=grand-pot-a-olivesdecor-emma-peint-main-levee-et-signe-rrt\" \/>\n<meta property=\"og:site_name\" content=\"C\u00e9ramique de Lamotte par Renaud R\u00e9musat - Arts de la table, fresques sur mesure 24530 La Chapelle-Faucher - Tel : 0615941062\" \/>\n<meta property=\"article:modified_time\" content=\"2025-07-08T14:04:47+00:00\" \/>\n<meta property=\"og:image\" content=\"https:\/\/ceramique-de-lamotte.remusat.fr\/wp-content\/uploads\/2025\/07\/2025-07-07-20.10.43-scaled.jpg\" \/>\n\t<meta property=\"og:image:width\" content=\"1856\" \/>\n\t<meta property=\"og:image:height\" content=\"2560\" \/>\n\t<meta property=\"og:image:type\" content=\"image\/jpeg\" \/>\n<meta name=\"twitter:card\" content=\"summary_large_image\" \/>\n<meta name=\"twitter:label1\" content=\"Dur\u00e9e de lecture estim\u00e9e\" \/>\n\t<meta name=\"twitter:data1\" content=\"1 minute\" \/>\n<script type=\"application\/ld+json\" class=\"yoast-schema-graph\">{\"@context\":\"https:\\\/\\\/schema.org\",\"@graph\":[{\"@type\":\"WebPage\",\"@id\":\"https:\\\/\\\/ceramique-de-lamotte.remusat.fr\\\/?product=grand-pot-a-olivesdecor-emma-peint-main-levee-et-signe-rrt\",\"url\":\"https:\\\/\\\/ceramique-de-lamotte.remusat.fr\\\/?product=grand-pot-a-olivesdecor-emma-peint-main-levee-et-signe-rrt\",\"name\":\"Grand pot \u00e0 olives,d\u00e9cor Emma, peint \\\"main lev\u00e9e\\\" et sign\u00e9 RRt H=20 cm - C\u00e9ramique de Lamotte par Renaud R\u00e9musat - Arts de la table, fresques sur mesure 24530 La Chapelle-Faucher - Tel : 0615941062\",\"isPartOf\":{\"@id\":\"https:\\\/\\\/ceramique-de-lamotte.remusat.fr\\\/#website\"},\"primaryImageOfPage\":{\"@id\":\"https:\\\/\\\/ceramique-de-lamotte.remusat.fr\\\/?product=grand-pot-a-olivesdecor-emma-peint-main-levee-et-signe-rrt#primaryimage\"},\"image\":{\"@id\":\"https:\\\/\\\/ceramique-de-lamotte.remusat.fr\\\/?product=grand-pot-a-olivesdecor-emma-peint-main-levee-et-signe-rrt#primaryimage\"},\"thumbnailUrl\":\"https:\\\/\\\/ceramique-de-lamotte.remusat.fr\\\/wp-content\\\/uploads\\\/2025\\\/07\\\/2025-07-07-20.10.43-scaled.jpg\",\"datePublished\":\"2025-07-08T13:40:02+00:00\",\"dateModified\":\"2025-07-08T14:04:47+00:00\",\"breadcrumb\":{\"@id\":\"https:\\\/\\\/ceramique-de-lamotte.remusat.fr\\\/?product=grand-pot-a-olivesdecor-emma-peint-main-levee-et-signe-rrt#breadcrumb\"},\"inLanguage\":\"fr-FR\",\"potentialAction\":[{\"@type\":\"ReadAction\",\"target\":[\"https:\\\/\\\/ceramique-de-lamotte.remusat.fr\\\/?product=grand-pot-a-olivesdecor-emma-peint-main-levee-et-signe-rrt\"]}]},{\"@type\":\"ImageObject\",\"inLanguage\":\"fr-FR\",\"@id\":\"https:\\\/\\\/ceramique-de-lamotte.remusat.fr\\\/?product=grand-pot-a-olivesdecor-emma-peint-main-levee-et-signe-rrt#primaryimage\",\"url\":\"https:\\\/\\\/ceramique-de-lamotte.remusat.fr\\\/wp-content\\\/uploads\\\/2025\\\/07\\\/2025-07-07-20.10.43-scaled.jpg\",\"contentUrl\":\"https:\\\/\\\/ceramique-de-lamotte.remusat.fr\\\/wp-content\\\/uploads\\\/2025\\\/07\\\/2025-07-07-20.10.43-scaled.jpg\",\"width\":1856,\"height\":2560,\"caption\":\"Grand pot \u00e0 olives\"},{\"@type\":\"BreadcrumbList\",\"@id\":\"https:\\\/\\\/ceramique-de-lamotte.remusat.fr\\\/?product=grand-pot-a-olivesdecor-emma-peint-main-levee-et-signe-rrt#breadcrumb\",\"itemListElement\":[{\"@type\":\"ListItem\",\"position\":1,\"name\":\"Home\",\"item\":\"https:\\\/\\\/ceramique-de-lamotte.remusat.fr\\\/\"},{\"@type\":\"ListItem\",\"position\":2,\"name\":\"Boutique\",\"item\":\"https:\\\/\\\/ceramique-de-lamotte.remusat.fr\\\/?page_id=7\"},{\"@type\":\"ListItem\",\"position\":3,\"name\":\"Grand pot \u00e0 olives,d\u00e9cor Emma, peint \u00ab\u00a0main lev\u00e9e\u00a0\u00bb et sign\u00e9 RRt H=20 cm\"}]},{\"@type\":\"WebSite\",\"@id\":\"https:\\\/\\\/ceramique-de-lamotte.remusat.fr\\\/#website\",\"url\":\"https:\\\/\\\/ceramique-de-lamotte.remusat.fr\\\/\",\"name\":\"C\u00e9ramique de Lamotte par Renaud R\u00e9musat - Arts de la table, fresques sur mesure 24530 La Chapelle-Faucher - Tel : 0615941062\",\"description\":\"De la c\u00e9ramique fabriqu\u00e9 en P\u00e9rigord pr\u00e9s de Brant\u00f4me\",\"publisher\":{\"@id\":\"https:\\\/\\\/ceramique-de-lamotte.remusat.fr\\\/#organization\"},\"potentialAction\":[{\"@type\":\"SearchAction\",\"target\":{\"@type\":\"EntryPoint\",\"urlTemplate\":\"https:\\\/\\\/ceramique-de-lamotte.remusat.fr\\\/?s={search_term_string}\"},\"query-input\":{\"@type\":\"PropertyValueSpecification\",\"valueRequired\":true,\"valueName\":\"search_term_string\"}}],\"inLanguage\":\"fr-FR\"},{\"@type\":\"Organization\",\"@id\":\"https:\\\/\\\/ceramique-de-lamotte.remusat.fr\\\/#organization\",\"name\":\"C\u00e9ramique de Lamotte par Renaud R\u00e9musat - Arts de la table, fresques sur mesure 24530 La Chapelle-Faucher - Tel : 0615941062\",\"url\":\"https:\\\/\\\/ceramique-de-lamotte.remusat.fr\\\/\",\"logo\":{\"@type\":\"ImageObject\",\"inLanguage\":\"fr-FR\",\"@id\":\"https:\\\/\\\/ceramique-de-lamotte.remusat.fr\\\/#\\\/schema\\\/logo\\\/image\\\/\",\"url\":\"https:\\\/\\\/ceramique-de-lamotte.remusat.fr\\\/wp-content\\\/uploads\\\/2024\\\/07\\\/cropped-logos01.bmp\",\"contentUrl\":\"https:\\\/\\\/ceramique-de-lamotte.remusat.fr\\\/wp-content\\\/uploads\\\/2024\\\/07\\\/cropped-logos01.bmp\",\"width\":315,\"height\":312,\"caption\":\"C\u00e9ramique de Lamotte par Renaud R\u00e9musat  - Arts de la table, fresques sur mesure 24530 La Chapelle-Faucher - Tel : 0615941062\"},\"image\":{\"@id\":\"https:\\\/\\\/ceramique-de-lamotte.remusat.fr\\\/#\\\/schema\\\/logo\\\/image\\\/\"}}]}<\/script>\n<!-- \/ Yoast SEO plugin. -->","yoast_head_json":{"title":"Grand pot \u00e0 olives,d\u00e9cor Emma, peint \"main lev\u00e9e\" et sign\u00e9 RRt H=20 cm - C\u00e9ramique de Lamotte par Renaud R\u00e9musat - Arts de la table, fresques sur mesure 24530 La Chapelle-Faucher - Tel : 0615941062","robots":{"index":"index","follow":"follow","max-snippet":"max-snippet:-1","max-image-preview":"max-image-preview:large","max-video-preview":"max-video-preview:-1"},"canonical":"https:\/\/ceramique-de-lamotte.remusat.fr\/?product=grand-pot-a-olivesdecor-emma-peint-main-levee-et-signe-rrt","og_locale":"fr_FR","og_type":"article","og_title":"Grand pot \u00e0 olives,d\u00e9cor Emma, peint \"main lev\u00e9e\" et sign\u00e9 RRt H=20 cm - C\u00e9ramique de Lamotte par Renaud R\u00e9musat - Arts de la table, fresques sur mesure 24530 La Chapelle-Faucher - Tel : 0615941062","og_description":"Grand pot \u00e0 olives, \"d\u00e9cor Emma\", peint \"main lev\u00e9e\" et sign\u00e9 RRt  Hauteur 20 cm  (Photos, non contractuelles, les commandes peuvent varier, les dessins \u00e9tant \u00e0 main lev\u00e9e)  D\u00e9cor sous couverte ( couleur ivoire)","og_url":"https:\/\/ceramique-de-lamotte.remusat.fr\/?product=grand-pot-a-olivesdecor-emma-peint-main-levee-et-signe-rrt","og_site_name":"C\u00e9ramique de Lamotte par Renaud R\u00e9musat - Arts de la table, fresques sur mesure 24530 La Chapelle-Faucher - Tel : 0615941062","article_modified_time":"2025-07-08T14:04:47+00:00","og_image":[{"width":1856,"height":2560,"url":"https:\/\/ceramique-de-lamotte.remusat.fr\/wp-content\/uploads\/2025\/07\/2025-07-07-20.10.43-scaled.jpg","type":"image\/jpeg"}],"twitter_card":"summary_large_image","twitter_misc":{"Dur\u00e9e de lecture estim\u00e9e":"1 minute"},"schema":{"@context":"https:\/\/schema.org","@graph":[{"@type":"WebPage","@id":"https:\/\/ceramique-de-lamotte.remusat.fr\/?product=grand-pot-a-olivesdecor-emma-peint-main-levee-et-signe-rrt","url":"https:\/\/ceramique-de-lamotte.remusat.fr\/?product=grand-pot-a-olivesdecor-emma-peint-main-levee-et-signe-rrt","name":"Grand pot \u00e0 olives,d\u00e9cor Emma, peint \"main lev\u00e9e\" et sign\u00e9 RRt H=20 cm - C\u00e9ramique de Lamotte par Renaud R\u00e9musat - Arts de la table, fresques sur mesure 24530 La Chapelle-Faucher - Tel : 0615941062","isPartOf":{"@id":"https:\/\/ceramique-de-lamotte.remusat.fr\/#website"},"primaryImageOfPage":{"@id":"https:\/\/ceramique-de-lamotte.remusat.fr\/?product=grand-pot-a-olivesdecor-emma-peint-main-levee-et-signe-rrt#primaryimage"},"image":{"@id":"https:\/\/ceramique-de-lamotte.remusat.fr\/?product=grand-pot-a-olivesdecor-emma-peint-main-levee-et-signe-rrt#primaryimage"},"thumbnailUrl":"https:\/\/ceramique-de-lamotte.remusat.fr\/wp-content\/uploads\/2025\/07\/2025-07-07-20.10.43-scaled.jpg","datePublished":"2025-07-08T13:40:02+00:00","dateModified":"2025-07-08T14:04:47+00:00","breadcrumb":{"@id":"https:\/\/ceramique-de-lamotte.remusat.fr\/?product=grand-pot-a-olivesdecor-emma-peint-main-levee-et-signe-rrt#breadcrumb"},"inLanguage":"fr-FR","potentialAction":[{"@type":"ReadAction","target":["https:\/\/ceramique-de-lamotte.remusat.fr\/?product=grand-pot-a-olivesdecor-emma-peint-main-levee-et-signe-rrt"]}]},{"@type":"ImageObject","inLanguage":"fr-FR","@id":"https:\/\/ceramique-de-lamotte.remusat.fr\/?product=grand-pot-a-olivesdecor-emma-peint-main-levee-et-signe-rrt#primaryimage","url":"https:\/\/ceramique-de-lamotte.remusat.fr\/wp-content\/uploads\/2025\/07\/2025-07-07-20.10.43-scaled.jpg","contentUrl":"https:\/\/ceramique-de-lamotte.remusat.fr\/wp-content\/uploads\/2025\/07\/2025-07-07-20.10.43-scaled.jpg","width":1856,"height":2560,"caption":"Grand pot \u00e0 olives"},{"@type":"BreadcrumbList","@id":"https:\/\/ceramique-de-lamotte.remusat.fr\/?product=grand-pot-a-olivesdecor-emma-peint-main-levee-et-signe-rrt#breadcrumb","itemListElement":[{"@type":"ListItem","position":1,"name":"Home","item":"https:\/\/ceramique-de-lamotte.remusat.fr\/"},{"@type":"ListItem","position":2,"name":"Boutique","item":"https:\/\/ceramique-de-lamotte.remusat.fr\/?page_id=7"},{"@type":"ListItem","position":3,"name":"Grand pot \u00e0 olives,d\u00e9cor Emma, peint \u00ab\u00a0main lev\u00e9e\u00a0\u00bb et sign\u00e9 RRt H=20 cm"}]},{"@type":"WebSite","@id":"https:\/\/ceramique-de-lamotte.remusat.fr\/#website","url":"https:\/\/ceramique-de-lamotte.remusat.fr\/","name":"C\u00e9ramique de Lamotte par Renaud R\u00e9musat - Arts de la table, fresques sur mesure 24530 La Chapelle-Faucher - Tel : 0615941062","description":"De la c\u00e9ramique fabriqu\u00e9 en P\u00e9rigord pr\u00e9s de Brant\u00f4me","publisher":{"@id":"https:\/\/ceramique-de-lamotte.remusat.fr\/#organization"},"potentialAction":[{"@type":"SearchAction","target":{"@type":"EntryPoint","urlTemplate":"https:\/\/ceramique-de-lamotte.remusat.fr\/?s={search_term_string}"},"query-input":{"@type":"PropertyValueSpecification","valueRequired":true,"valueName":"search_term_string"}}],"inLanguage":"fr-FR"},{"@type":"Organization","@id":"https:\/\/ceramique-de-lamotte.remusat.fr\/#organization","name":"C\u00e9ramique de Lamotte par Renaud R\u00e9musat - Arts de la table, fresques sur mesure 24530 La Chapelle-Faucher - Tel : 0615941062","url":"https:\/\/ceramique-de-lamotte.remusat.fr\/","logo":{"@type":"ImageObject","inLanguage":"fr-FR","@id":"https:\/\/ceramique-de-lamotte.remusat.fr\/#\/schema\/logo\/image\/","url":"https:\/\/ceramique-de-lamotte.remusat.fr\/wp-content\/uploads\/2024\/07\/cropped-logos01.bmp","contentUrl":"https:\/\/ceramique-de-lamotte.remusat.fr\/wp-content\/uploads\/2024\/07\/cropped-logos01.bmp","width":315,"height":312,"caption":"C\u00e9ramique de Lamotte par Renaud R\u00e9musat  - Arts de la table, fresques sur mesure 24530 La Chapelle-Faucher - Tel : 0615941062"},"image":{"@id":"https:\/\/ceramique-de-lamotte.remusat.fr\/#\/schema\/logo\/image\/"}}]}},"jetpack_sharing_enabled":true,"_links":{"self":[{"href":"https:\/\/ceramique-de-lamotte.remusat.fr\/index.php?rest_route=\/wp\/v2\/product\/472","targetHints":{"allow":["GET"]}}],"collection":[{"href":"https:\/\/ceramique-de-lamotte.remusat.fr\/index.php?rest_route=\/wp\/v2\/product"}],"about":[{"href":"https:\/\/ceramique-de-lamotte.remusat.fr\/index.php?rest_route=\/wp\/v2\/types\/product"}],"replies":[{"embeddable":true,"href":"https:\/\/ceramique-de-lamotte.remusat.fr\/index.php?rest_route=%2Fwp%2Fv2%2Fcomments&post=472"}],"wp:featuredmedia":[{"embeddable":true,"href":"https:\/\/ceramique-de-lamotte.remusat.fr\/index.php?rest_route=\/wp\/v2\/media\/474"}],"wp:attachment":[{"href":"https:\/\/ceramique-de-lamotte.remusat.fr\/index.php?rest_route=%2Fwp%2Fv2%2Fmedia&parent=472"}],"wp:term":[{"taxonomy":"product_brand","embeddable":true,"href":"https:\/\/ceramique-de-lamotte.remusat.fr\/index.php?rest_route=%2Fwp%2Fv2%2Fproduct_brand&post=472"},{"taxonomy":"product_cat","embeddable":true,"href":"https:\/\/ceramique-de-lamotte.remusat.fr\/index.php?rest_route=%2Fwp%2Fv2%2Fproduct_cat&post=472"},{"taxonomy":"product_tag","embeddable":true,"href":"https:\/\/ceramique-de-lamotte.remusat.fr\/index.php?rest_route=%2Fwp%2Fv2%2Fproduct_tag&post=472"}],"curies":[{"name":"wp","href":"https:\/\/api.w.org\/{rel}","templated":true}]}}