{"id":283,"date":"2024-09-04T15:29:06","date_gmt":"2024-09-04T13:29:06","guid":{"rendered":"https:\/\/ceramique-de-lamotte.remusat.fr\/?post_type=product&#038;p=283"},"modified":"2025-07-08T19:39:49","modified_gmt":"2025-07-08T17:39:49","slug":"283","status":"publish","type":"product","link":"https:\/\/ceramique-de-lamotte.remusat.fr\/?product=283","title":{"rendered":"Carreau de fa\u00efence d\u00e9cor\u00e9 \u00e0  \u00bb main lev\u00e9e \u00bb par Renaud R\u00e9musat, exemplaire unique \u2013 15,3 cm N 003"},"content":{"rendered":"<p><img class=\"alignnone size-medium wp-image-276 lws-optimize-lazyload\"  alt=\"\" width=\"300\" height=\"298\" \/ data-src=\"https:\/\/ceramique-de-lamotte.remusat.fr\/wp-content\/uploads\/2024\/09\/IMG_20240830_192314-300x298.jpg\" srcset=\"https:\/\/ceramique-de-lamotte.remusat.fr\/wp-content\/uploads\/2024\/09\/IMG_20240830_192314-300x298.jpg 300w, https:\/\/ceramique-de-lamotte.remusat.fr\/wp-content\/uploads\/2024\/09\/IMG_20240830_192314-1024x1018.jpg 1024w, https:\/\/ceramique-de-lamotte.remusat.fr\/wp-content\/uploads\/2024\/09\/IMG_20240830_192314-150x150.jpg 150w, https:\/\/ceramique-de-lamotte.remusat.fr\/wp-content\/uploads\/2024\/09\/IMG_20240830_192314-768x763.jpg 768w, https:\/\/ceramique-de-lamotte.remusat.fr\/wp-content\/uploads\/2024\/09\/IMG_20240830_192314-1536x1526.jpg 1536w, https:\/\/ceramique-de-lamotte.remusat.fr\/wp-content\/uploads\/2024\/09\/IMG_20240830_192314-2048x2035.jpg 2048w, https:\/\/ceramique-de-lamotte.remusat.fr\/wp-content\/uploads\/2024\/09\/IMG_20240830_192314-600x596.jpg 600w, https:\/\/ceramique-de-lamotte.remusat.fr\/wp-content\/uploads\/2024\/09\/IMG_20240830_192314-100x100.jpg 100w\" sizes=\"(max-width: 300px) 100vw, 300px\" \/><\/p>\n","protected":false},"excerpt":{"rendered":"<p>Carreau de fa\u00efence d\u00e9cor\u00e9 \u00e0 \u00a0\u00bb main lev\u00e9e\u00a0\u00bb par Renaud R\u00e9musat, exemplaire unique &#8211; 15,3 cm, \u00e9paisseur 8 mm<\/p>\n<p>Email, couverte ivoire<br \/>\nUn seul exemplaire, car fait main.<br \/>\nIl est toutefois possible d&rsquo;en faire d&rsquo;autres dans le m\u00eame esprit<\/p>\n<p>Livraison gratuite en France<\/p>\n","protected":false},"featured_media":276,"comment_status":"open","ping_status":"closed","template":"","meta":[],"product_brand":[],"product_cat":[32],"product_tag":[],"class_list":{"0":"post-283","1":"product","2":"type-product","3":"status-publish","4":"has-post-thumbnail","6":"product_cat-carreau-de-faience-signee-rrt","7":"product_shipping_class-gr","9":"first","10":"instock","11":"featured","12":"purchasable","13":"product-type-simple"},"yoast_head":"<!-- This site is optimized with the Yoast SEO plugin v27.5 - https:\/\/yoast.com\/product\/yoast-seo-wordpress\/ -->\n<title>Carreau de fa\u00efence d\u00e9cor\u00e9 \u00e0 \u00bb main lev\u00e9e \u00bb par Renaud R\u00e9musat, exemplaire unique \u2013 15,3 cm N 003 - C\u00e9ramique de Lamotte par Renaud R\u00e9musat - Arts de la table, fresques sur mesure 24530 La Chapelle-Faucher - Tel : 0615941062<\/title>\n<meta name=\"robots\" content=\"index, follow, max-snippet:-1, max-image-preview:large, max-video-preview:-1\" \/>\n<link rel=\"canonical\" href=\"https:\/\/ceramique-de-lamotte.remusat.fr\/?product=283\" \/>\n<meta property=\"og:locale\" content=\"fr_FR\" \/>\n<meta property=\"og:type\" content=\"article\" \/>\n<meta property=\"og:title\" content=\"Carreau de fa\u00efence d\u00e9cor\u00e9 \u00e0 \u00bb main lev\u00e9e \u00bb par Renaud R\u00e9musat, exemplaire unique \u2013 15,3 cm N 003 - C\u00e9ramique de Lamotte par Renaud R\u00e9musat - Arts de la table, fresques sur mesure 24530 La Chapelle-Faucher - Tel : 0615941062\" \/>\n<meta property=\"og:description\" content=\"Carreau de fa\u00efence d\u00e9cor\u00e9 \u00e0 &quot; main lev\u00e9e&quot; par Renaud R\u00e9musat, exemplaire unique - 15,3 cm, \u00e9paisseur 8 mm  Email, couverte ivoire Un seul exemplaire, car fait main. Il est toutefois possible d&#039;en faire d&#039;autres dans le m\u00eame esprit  Livraison gratuite en France\" \/>\n<meta property=\"og:url\" content=\"https:\/\/ceramique-de-lamotte.remusat.fr\/?product=283\" \/>\n<meta property=\"og:site_name\" content=\"C\u00e9ramique de Lamotte par Renaud R\u00e9musat - Arts de la table, fresques sur mesure 24530 La Chapelle-Faucher - Tel : 0615941062\" \/>\n<meta property=\"article:modified_time\" content=\"2025-07-08T17:39:49+00:00\" \/>\n<meta property=\"og:image\" content=\"https:\/\/ceramique-de-lamotte.remusat.fr\/wp-content\/uploads\/2024\/09\/IMG_20240830_192314-1024x1018.jpg\" \/>\n\t<meta property=\"og:image:width\" content=\"1024\" \/>\n\t<meta property=\"og:image:height\" content=\"1018\" \/>\n\t<meta property=\"og:image:type\" content=\"image\/jpeg\" \/>\n<meta name=\"twitter:card\" content=\"summary_large_image\" \/>\n<meta name=\"twitter:label1\" content=\"Dur\u00e9e de lecture estim\u00e9e\" \/>\n\t<meta name=\"twitter:data1\" content=\"1 minute\" \/>\n<script type=\"application\/ld+json\" class=\"yoast-schema-graph\">{\"@context\":\"https:\\\/\\\/schema.org\",\"@graph\":[{\"@type\":\"WebPage\",\"@id\":\"https:\\\/\\\/ceramique-de-lamotte.remusat.fr\\\/?product=283\",\"url\":\"https:\\\/\\\/ceramique-de-lamotte.remusat.fr\\\/?product=283\",\"name\":\"Carreau de fa\u00efence d\u00e9cor\u00e9 \u00e0 \u00bb main lev\u00e9e \u00bb par Renaud R\u00e9musat, exemplaire unique \u2013 15,3 cm N 003 - C\u00e9ramique de Lamotte par Renaud R\u00e9musat - Arts de la table, fresques sur mesure 24530 La Chapelle-Faucher - Tel : 0615941062\",\"isPartOf\":{\"@id\":\"https:\\\/\\\/ceramique-de-lamotte.remusat.fr\\\/#website\"},\"primaryImageOfPage\":{\"@id\":\"https:\\\/\\\/ceramique-de-lamotte.remusat.fr\\\/?product=283#primaryimage\"},\"image\":{\"@id\":\"https:\\\/\\\/ceramique-de-lamotte.remusat.fr\\\/?product=283#primaryimage\"},\"thumbnailUrl\":\"https:\\\/\\\/ceramique-de-lamotte.remusat.fr\\\/wp-content\\\/uploads\\\/2024\\\/09\\\/IMG_20240830_192314.jpg\",\"datePublished\":\"2024-09-04T13:29:06+00:00\",\"dateModified\":\"2025-07-08T17:39:49+00:00\",\"breadcrumb\":{\"@id\":\"https:\\\/\\\/ceramique-de-lamotte.remusat.fr\\\/?product=283#breadcrumb\"},\"inLanguage\":\"fr-FR\",\"potentialAction\":[{\"@type\":\"ReadAction\",\"target\":[\"https:\\\/\\\/ceramique-de-lamotte.remusat.fr\\\/?product=283\"]}]},{\"@type\":\"ImageObject\",\"inLanguage\":\"fr-FR\",\"@id\":\"https:\\\/\\\/ceramique-de-lamotte.remusat.fr\\\/?product=283#primaryimage\",\"url\":\"https:\\\/\\\/ceramique-de-lamotte.remusat.fr\\\/wp-content\\\/uploads\\\/2024\\\/09\\\/IMG_20240830_192314.jpg\",\"contentUrl\":\"https:\\\/\\\/ceramique-de-lamotte.remusat.fr\\\/wp-content\\\/uploads\\\/2024\\\/09\\\/IMG_20240830_192314.jpg\",\"width\":2420,\"height\":2405},{\"@type\":\"BreadcrumbList\",\"@id\":\"https:\\\/\\\/ceramique-de-lamotte.remusat.fr\\\/?product=283#breadcrumb\",\"itemListElement\":[{\"@type\":\"ListItem\",\"position\":1,\"name\":\"Home\",\"item\":\"https:\\\/\\\/ceramique-de-lamotte.remusat.fr\\\/\"},{\"@type\":\"ListItem\",\"position\":2,\"name\":\"Boutique\",\"item\":\"https:\\\/\\\/ceramique-de-lamotte.remusat.fr\\\/?page_id=7\"},{\"@type\":\"ListItem\",\"position\":3,\"name\":\"Carreau de fa\u00efence d\u00e9cor\u00e9 \u00e0 \u00bb main lev\u00e9e \u00bb par Renaud R\u00e9musat, exemplaire unique \u2013 15,3 cm N 003\"}]},{\"@type\":\"WebSite\",\"@id\":\"https:\\\/\\\/ceramique-de-lamotte.remusat.fr\\\/#website\",\"url\":\"https:\\\/\\\/ceramique-de-lamotte.remusat.fr\\\/\",\"name\":\"C\u00e9ramique de Lamotte par Renaud R\u00e9musat - Arts de la table, fresques sur mesure 24530 La Chapelle-Faucher - Tel : 0615941062\",\"description\":\"De la c\u00e9ramique fabriqu\u00e9 en P\u00e9rigord pr\u00e9s de Brant\u00f4me\",\"publisher\":{\"@id\":\"https:\\\/\\\/ceramique-de-lamotte.remusat.fr\\\/#organization\"},\"potentialAction\":[{\"@type\":\"SearchAction\",\"target\":{\"@type\":\"EntryPoint\",\"urlTemplate\":\"https:\\\/\\\/ceramique-de-lamotte.remusat.fr\\\/?s={search_term_string}\"},\"query-input\":{\"@type\":\"PropertyValueSpecification\",\"valueRequired\":true,\"valueName\":\"search_term_string\"}}],\"inLanguage\":\"fr-FR\"},{\"@type\":\"Organization\",\"@id\":\"https:\\\/\\\/ceramique-de-lamotte.remusat.fr\\\/#organization\",\"name\":\"C\u00e9ramique de Lamotte par Renaud R\u00e9musat - Arts de la table, fresques sur mesure 24530 La Chapelle-Faucher - Tel : 0615941062\",\"url\":\"https:\\\/\\\/ceramique-de-lamotte.remusat.fr\\\/\",\"logo\":{\"@type\":\"ImageObject\",\"inLanguage\":\"fr-FR\",\"@id\":\"https:\\\/\\\/ceramique-de-lamotte.remusat.fr\\\/#\\\/schema\\\/logo\\\/image\\\/\",\"url\":\"https:\\\/\\\/ceramique-de-lamotte.remusat.fr\\\/wp-content\\\/uploads\\\/2024\\\/07\\\/cropped-logos01.bmp\",\"contentUrl\":\"https:\\\/\\\/ceramique-de-lamotte.remusat.fr\\\/wp-content\\\/uploads\\\/2024\\\/07\\\/cropped-logos01.bmp\",\"width\":315,\"height\":312,\"caption\":\"C\u00e9ramique de Lamotte par Renaud R\u00e9musat  - Arts de la table, fresques sur mesure 24530 La Chapelle-Faucher - Tel : 0615941062\"},\"image\":{\"@id\":\"https:\\\/\\\/ceramique-de-lamotte.remusat.fr\\\/#\\\/schema\\\/logo\\\/image\\\/\"}}]}<\/script>\n<!-- \/ Yoast SEO plugin. -->","yoast_head_json":{"title":"Carreau de fa\u00efence d\u00e9cor\u00e9 \u00e0 \u00bb main lev\u00e9e \u00bb par Renaud R\u00e9musat, exemplaire unique \u2013 15,3 cm N 003 - C\u00e9ramique de Lamotte par Renaud R\u00e9musat - Arts de la table, fresques sur mesure 24530 La Chapelle-Faucher - Tel : 0615941062","robots":{"index":"index","follow":"follow","max-snippet":"max-snippet:-1","max-image-preview":"max-image-preview:large","max-video-preview":"max-video-preview:-1"},"canonical":"https:\/\/ceramique-de-lamotte.remusat.fr\/?product=283","og_locale":"fr_FR","og_type":"article","og_title":"Carreau de fa\u00efence d\u00e9cor\u00e9 \u00e0 \u00bb main lev\u00e9e \u00bb par Renaud R\u00e9musat, exemplaire unique \u2013 15,3 cm N 003 - C\u00e9ramique de Lamotte par Renaud R\u00e9musat - Arts de la table, fresques sur mesure 24530 La Chapelle-Faucher - Tel : 0615941062","og_description":"Carreau de fa\u00efence d\u00e9cor\u00e9 \u00e0 \" main lev\u00e9e\" par Renaud R\u00e9musat, exemplaire unique - 15,3 cm, \u00e9paisseur 8 mm  Email, couverte ivoire Un seul exemplaire, car fait main. Il est toutefois possible d'en faire d'autres dans le m\u00eame esprit  Livraison gratuite en France","og_url":"https:\/\/ceramique-de-lamotte.remusat.fr\/?product=283","og_site_name":"C\u00e9ramique de Lamotte par Renaud R\u00e9musat - Arts de la table, fresques sur mesure 24530 La Chapelle-Faucher - Tel : 0615941062","article_modified_time":"2025-07-08T17:39:49+00:00","og_image":[{"width":1024,"height":1018,"url":"https:\/\/ceramique-de-lamotte.remusat.fr\/wp-content\/uploads\/2024\/09\/IMG_20240830_192314-1024x1018.jpg","type":"image\/jpeg"}],"twitter_card":"summary_large_image","twitter_misc":{"Dur\u00e9e de lecture estim\u00e9e":"1 minute"},"schema":{"@context":"https:\/\/schema.org","@graph":[{"@type":"WebPage","@id":"https:\/\/ceramique-de-lamotte.remusat.fr\/?product=283","url":"https:\/\/ceramique-de-lamotte.remusat.fr\/?product=283","name":"Carreau de fa\u00efence d\u00e9cor\u00e9 \u00e0 \u00bb main lev\u00e9e \u00bb par Renaud R\u00e9musat, exemplaire unique \u2013 15,3 cm N 003 - C\u00e9ramique de Lamotte par Renaud R\u00e9musat - Arts de la table, fresques sur mesure 24530 La Chapelle-Faucher - Tel : 0615941062","isPartOf":{"@id":"https:\/\/ceramique-de-lamotte.remusat.fr\/#website"},"primaryImageOfPage":{"@id":"https:\/\/ceramique-de-lamotte.remusat.fr\/?product=283#primaryimage"},"image":{"@id":"https:\/\/ceramique-de-lamotte.remusat.fr\/?product=283#primaryimage"},"thumbnailUrl":"https:\/\/ceramique-de-lamotte.remusat.fr\/wp-content\/uploads\/2024\/09\/IMG_20240830_192314.jpg","datePublished":"2024-09-04T13:29:06+00:00","dateModified":"2025-07-08T17:39:49+00:00","breadcrumb":{"@id":"https:\/\/ceramique-de-lamotte.remusat.fr\/?product=283#breadcrumb"},"inLanguage":"fr-FR","potentialAction":[{"@type":"ReadAction","target":["https:\/\/ceramique-de-lamotte.remusat.fr\/?product=283"]}]},{"@type":"ImageObject","inLanguage":"fr-FR","@id":"https:\/\/ceramique-de-lamotte.remusat.fr\/?product=283#primaryimage","url":"https:\/\/ceramique-de-lamotte.remusat.fr\/wp-content\/uploads\/2024\/09\/IMG_20240830_192314.jpg","contentUrl":"https:\/\/ceramique-de-lamotte.remusat.fr\/wp-content\/uploads\/2024\/09\/IMG_20240830_192314.jpg","width":2420,"height":2405},{"@type":"BreadcrumbList","@id":"https:\/\/ceramique-de-lamotte.remusat.fr\/?product=283#breadcrumb","itemListElement":[{"@type":"ListItem","position":1,"name":"Home","item":"https:\/\/ceramique-de-lamotte.remusat.fr\/"},{"@type":"ListItem","position":2,"name":"Boutique","item":"https:\/\/ceramique-de-lamotte.remusat.fr\/?page_id=7"},{"@type":"ListItem","position":3,"name":"Carreau de fa\u00efence d\u00e9cor\u00e9 \u00e0 \u00bb main lev\u00e9e \u00bb par Renaud R\u00e9musat, exemplaire unique \u2013 15,3 cm N 003"}]},{"@type":"WebSite","@id":"https:\/\/ceramique-de-lamotte.remusat.fr\/#website","url":"https:\/\/ceramique-de-lamotte.remusat.fr\/","name":"C\u00e9ramique de Lamotte par Renaud R\u00e9musat - Arts de la table, fresques sur mesure 24530 La Chapelle-Faucher - Tel : 0615941062","description":"De la c\u00e9ramique fabriqu\u00e9 en P\u00e9rigord pr\u00e9s de Brant\u00f4me","publisher":{"@id":"https:\/\/ceramique-de-lamotte.remusat.fr\/#organization"},"potentialAction":[{"@type":"SearchAction","target":{"@type":"EntryPoint","urlTemplate":"https:\/\/ceramique-de-lamotte.remusat.fr\/?s={search_term_string}"},"query-input":{"@type":"PropertyValueSpecification","valueRequired":true,"valueName":"search_term_string"}}],"inLanguage":"fr-FR"},{"@type":"Organization","@id":"https:\/\/ceramique-de-lamotte.remusat.fr\/#organization","name":"C\u00e9ramique de Lamotte par Renaud R\u00e9musat - Arts de la table, fresques sur mesure 24530 La Chapelle-Faucher - Tel : 0615941062","url":"https:\/\/ceramique-de-lamotte.remusat.fr\/","logo":{"@type":"ImageObject","inLanguage":"fr-FR","@id":"https:\/\/ceramique-de-lamotte.remusat.fr\/#\/schema\/logo\/image\/","url":"https:\/\/ceramique-de-lamotte.remusat.fr\/wp-content\/uploads\/2024\/07\/cropped-logos01.bmp","contentUrl":"https:\/\/ceramique-de-lamotte.remusat.fr\/wp-content\/uploads\/2024\/07\/cropped-logos01.bmp","width":315,"height":312,"caption":"C\u00e9ramique de Lamotte par Renaud R\u00e9musat  - Arts de la table, fresques sur mesure 24530 La Chapelle-Faucher - Tel : 0615941062"},"image":{"@id":"https:\/\/ceramique-de-lamotte.remusat.fr\/#\/schema\/logo\/image\/"}}]}},"jetpack_sharing_enabled":true,"_links":{"self":[{"href":"https:\/\/ceramique-de-lamotte.remusat.fr\/index.php?rest_route=\/wp\/v2\/product\/283","targetHints":{"allow":["GET"]}}],"collection":[{"href":"https:\/\/ceramique-de-lamotte.remusat.fr\/index.php?rest_route=\/wp\/v2\/product"}],"about":[{"href":"https:\/\/ceramique-de-lamotte.remusat.fr\/index.php?rest_route=\/wp\/v2\/types\/product"}],"replies":[{"embeddable":true,"href":"https:\/\/ceramique-de-lamotte.remusat.fr\/index.php?rest_route=%2Fwp%2Fv2%2Fcomments&post=283"}],"wp:featuredmedia":[{"embeddable":true,"href":"https:\/\/ceramique-de-lamotte.remusat.fr\/index.php?rest_route=\/wp\/v2\/media\/276"}],"wp:attachment":[{"href":"https:\/\/ceramique-de-lamotte.remusat.fr\/index.php?rest_route=%2Fwp%2Fv2%2Fmedia&parent=283"}],"wp:term":[{"taxonomy":"product_brand","embeddable":true,"href":"https:\/\/ceramique-de-lamotte.remusat.fr\/index.php?rest_route=%2Fwp%2Fv2%2Fproduct_brand&post=283"},{"taxonomy":"product_cat","embeddable":true,"href":"https:\/\/ceramique-de-lamotte.remusat.fr\/index.php?rest_route=%2Fwp%2Fv2%2Fproduct_cat&post=283"},{"taxonomy":"product_tag","embeddable":true,"href":"https:\/\/ceramique-de-lamotte.remusat.fr\/index.php?rest_route=%2Fwp%2Fv2%2Fproduct_tag&post=283"}],"curies":[{"name":"wp","href":"https:\/\/api.w.org\/{rel}","templated":true}]}}