{"id":249,"date":"2024-08-31T20:32:04","date_gmt":"2024-08-31T18:32:04","guid":{"rendered":"https:\/\/ceramique-de-lamotte.remusat.fr\/?post_type=product&#038;p=249"},"modified":"2025-03-17T10:37:20","modified_gmt":"2025-03-17T09:37:20","slug":"6-assiettes-27-cm-decor-emma-peint-main-levee-et-signe-rrt-copie","status":"publish","type":"product","link":"https:\/\/ceramique-de-lamotte.remusat.fr\/?product=6-assiettes-27-cm-decor-emma-peint-main-levee-et-signe-rrt-copie","title":{"rendered":"6 Assiettes 27 cm, d\u00e9cor Emma, peint \u00ab\u00a0main lev\u00e9e\u00a0\u00bb et sign\u00e9 RRt"},"content":{"rendered":"<p>Prix pour 6 unit\u00e9s<\/p>\n<p><img class=\"alignnone size-medium wp-image-244 lws-optimize-lazyload\"  alt=\"\" width=\"300\" height=\"261\" \/ data-src=\"https:\/\/ceramique-de-lamotte.remusat.fr\/wp-content\/uploads\/2024\/08\/1725122468059-300x261.jpg\" srcset=\"https:\/\/ceramique-de-lamotte.remusat.fr\/wp-content\/uploads\/2024\/08\/1725122468059-300x261.jpg 300w, https:\/\/ceramique-de-lamotte.remusat.fr\/wp-content\/uploads\/2024\/08\/1725122468059-1024x890.jpg 1024w, https:\/\/ceramique-de-lamotte.remusat.fr\/wp-content\/uploads\/2024\/08\/1725122468059-768x668.jpg 768w, https:\/\/ceramique-de-lamotte.remusat.fr\/wp-content\/uploads\/2024\/08\/1725122468059-1536x1335.jpg 1536w, https:\/\/ceramique-de-lamotte.remusat.fr\/wp-content\/uploads\/2024\/08\/1725122468059-600x522.jpg 600w, https:\/\/ceramique-de-lamotte.remusat.fr\/wp-content\/uploads\/2024\/08\/1725122468059.jpg 1975w\" sizes=\"(max-width: 300px) 100vw, 300px\" \/><img class=\"alignnone wp-image-213 lws-optimize-lazyload\"  alt=\"\" width=\"257\" height=\"261\" \/ data-src=\"https:\/\/ceramique-de-lamotte.remusat.fr\/wp-content\/uploads\/2024\/08\/IMG_20240828_190559-295x300.jpg\" srcset=\"https:\/\/ceramique-de-lamotte.remusat.fr\/wp-content\/uploads\/2024\/08\/IMG_20240828_190559-295x300.jpg 295w, https:\/\/ceramique-de-lamotte.remusat.fr\/wp-content\/uploads\/2024\/08\/IMG_20240828_190559-1008x1024.jpg 1008w, https:\/\/ceramique-de-lamotte.remusat.fr\/wp-content\/uploads\/2024\/08\/IMG_20240828_190559-768x780.jpg 768w, https:\/\/ceramique-de-lamotte.remusat.fr\/wp-content\/uploads\/2024\/08\/IMG_20240828_190559-1512x1536.jpg 1512w, https:\/\/ceramique-de-lamotte.remusat.fr\/wp-content\/uploads\/2024\/08\/IMG_20240828_190559-600x610.jpg 600w, https:\/\/ceramique-de-lamotte.remusat.fr\/wp-content\/uploads\/2024\/08\/IMG_20240828_190559.jpg 1570w\" sizes=\"(max-width: 257px) 100vw, 257px\" \/><\/p>\n","protected":false},"excerpt":{"rendered":"<p>6 assiettes\u00a0 27cm, d\u00e9cor champ\u00eatre, peint \u00ab\u00a0main lev\u00e9e\u00a0\u00bb et sign\u00e9 RRt<\/p>\n<p>D\u00e9cor sous couverte ( couleur ivoire)<\/p>\n","protected":false},"featured_media":244,"comment_status":"open","ping_status":"closed","template":"","meta":[],"product_brand":[],"product_cat":[23],"product_tag":[],"class_list":{"0":"post-249","1":"product","2":"type-product","3":"status-publish","4":"has-post-thumbnail","6":"product_cat-assiette-plate","7":"product_shipping_class-l2","9":"first","10":"instock","11":"featured","12":"purchasable","13":"product-type-simple"},"yoast_head":"<!-- This site is optimized with the Yoast SEO plugin v27.4 - https:\/\/yoast.com\/product\/yoast-seo-wordpress\/ -->\n<title>6 Assiettes 27 cm, d\u00e9cor Emma, peint &quot;main lev\u00e9e&quot; et sign\u00e9 RRt - C\u00e9ramique de Lamotte par Renaud R\u00e9musat - Arts de la table, fresques sur mesure 24530 La Chapelle-Faucher - Tel : 0615941062<\/title>\n<meta name=\"robots\" content=\"index, follow, max-snippet:-1, max-image-preview:large, max-video-preview:-1\" \/>\n<link rel=\"canonical\" href=\"https:\/\/ceramique-de-lamotte.remusat.fr\/?product=6-assiettes-27-cm-decor-emma-peint-main-levee-et-signe-rrt-copie\" \/>\n<meta property=\"og:locale\" content=\"fr_FR\" \/>\n<meta property=\"og:type\" content=\"article\" \/>\n<meta property=\"og:title\" content=\"6 Assiettes 27 cm, d\u00e9cor Emma, peint &quot;main lev\u00e9e&quot; et sign\u00e9 RRt - C\u00e9ramique de Lamotte par Renaud R\u00e9musat - Arts de la table, fresques sur mesure 24530 La Chapelle-Faucher - Tel : 0615941062\" \/>\n<meta property=\"og:description\" content=\"6 assiettes\u00a0 27cm, d\u00e9cor champ\u00eatre, peint &quot;main lev\u00e9e&quot; et sign\u00e9 RRt  D\u00e9cor sous couverte ( couleur ivoire)\" \/>\n<meta property=\"og:url\" content=\"https:\/\/ceramique-de-lamotte.remusat.fr\/?product=6-assiettes-27-cm-decor-emma-peint-main-levee-et-signe-rrt-copie\" \/>\n<meta property=\"og:site_name\" content=\"C\u00e9ramique de Lamotte par Renaud R\u00e9musat - Arts de la table, fresques sur mesure 24530 La Chapelle-Faucher - Tel : 0615941062\" \/>\n<meta property=\"article:modified_time\" content=\"2025-03-17T09:37:20+00:00\" \/>\n<meta property=\"og:image\" content=\"https:\/\/ceramique-de-lamotte.remusat.fr\/wp-content\/uploads\/2024\/08\/1725122468059.jpg\" \/>\n\t<meta property=\"og:image:width\" content=\"1975\" \/>\n\t<meta property=\"og:image:height\" content=\"1717\" \/>\n\t<meta property=\"og:image:type\" content=\"image\/jpeg\" \/>\n<meta name=\"twitter:card\" content=\"summary_large_image\" \/>\n<meta name=\"twitter:label1\" content=\"Dur\u00e9e de lecture estim\u00e9e\" \/>\n\t<meta name=\"twitter:data1\" content=\"1 minute\" \/>\n<script type=\"application\/ld+json\" class=\"yoast-schema-graph\">{\"@context\":\"https:\\\/\\\/schema.org\",\"@graph\":[{\"@type\":\"WebPage\",\"@id\":\"https:\\\/\\\/ceramique-de-lamotte.remusat.fr\\\/?product=6-assiettes-27-cm-decor-emma-peint-main-levee-et-signe-rrt-copie\",\"url\":\"https:\\\/\\\/ceramique-de-lamotte.remusat.fr\\\/?product=6-assiettes-27-cm-decor-emma-peint-main-levee-et-signe-rrt-copie\",\"name\":\"6 Assiettes 27 cm, d\u00e9cor Emma, peint \\\"main lev\u00e9e\\\" et sign\u00e9 RRt - C\u00e9ramique de Lamotte par Renaud R\u00e9musat - Arts de la table, fresques sur mesure 24530 La Chapelle-Faucher - Tel : 0615941062\",\"isPartOf\":{\"@id\":\"https:\\\/\\\/ceramique-de-lamotte.remusat.fr\\\/#website\"},\"primaryImageOfPage\":{\"@id\":\"https:\\\/\\\/ceramique-de-lamotte.remusat.fr\\\/?product=6-assiettes-27-cm-decor-emma-peint-main-levee-et-signe-rrt-copie#primaryimage\"},\"image\":{\"@id\":\"https:\\\/\\\/ceramique-de-lamotte.remusat.fr\\\/?product=6-assiettes-27-cm-decor-emma-peint-main-levee-et-signe-rrt-copie#primaryimage\"},\"thumbnailUrl\":\"https:\\\/\\\/ceramique-de-lamotte.remusat.fr\\\/wp-content\\\/uploads\\\/2024\\\/08\\\/1725122468059.jpg\",\"datePublished\":\"2024-08-31T18:32:04+00:00\",\"dateModified\":\"2025-03-17T09:37:20+00:00\",\"breadcrumb\":{\"@id\":\"https:\\\/\\\/ceramique-de-lamotte.remusat.fr\\\/?product=6-assiettes-27-cm-decor-emma-peint-main-levee-et-signe-rrt-copie#breadcrumb\"},\"inLanguage\":\"fr-FR\",\"potentialAction\":[{\"@type\":\"ReadAction\",\"target\":[\"https:\\\/\\\/ceramique-de-lamotte.remusat.fr\\\/?product=6-assiettes-27-cm-decor-emma-peint-main-levee-et-signe-rrt-copie\"]}]},{\"@type\":\"ImageObject\",\"inLanguage\":\"fr-FR\",\"@id\":\"https:\\\/\\\/ceramique-de-lamotte.remusat.fr\\\/?product=6-assiettes-27-cm-decor-emma-peint-main-levee-et-signe-rrt-copie#primaryimage\",\"url\":\"https:\\\/\\\/ceramique-de-lamotte.remusat.fr\\\/wp-content\\\/uploads\\\/2024\\\/08\\\/1725122468059.jpg\",\"contentUrl\":\"https:\\\/\\\/ceramique-de-lamotte.remusat.fr\\\/wp-content\\\/uploads\\\/2024\\\/08\\\/1725122468059.jpg\",\"width\":1975,\"height\":1717},{\"@type\":\"BreadcrumbList\",\"@id\":\"https:\\\/\\\/ceramique-de-lamotte.remusat.fr\\\/?product=6-assiettes-27-cm-decor-emma-peint-main-levee-et-signe-rrt-copie#breadcrumb\",\"itemListElement\":[{\"@type\":\"ListItem\",\"position\":1,\"name\":\"Home\",\"item\":\"https:\\\/\\\/ceramique-de-lamotte.remusat.fr\\\/\"},{\"@type\":\"ListItem\",\"position\":2,\"name\":\"Boutique\",\"item\":\"https:\\\/\\\/ceramique-de-lamotte.remusat.fr\\\/?page_id=7\"},{\"@type\":\"ListItem\",\"position\":3,\"name\":\"6 Assiettes 27 cm, d\u00e9cor Emma, peint \u00ab\u00a0main lev\u00e9e\u00a0\u00bb et sign\u00e9 RRt\"}]},{\"@type\":\"WebSite\",\"@id\":\"https:\\\/\\\/ceramique-de-lamotte.remusat.fr\\\/#website\",\"url\":\"https:\\\/\\\/ceramique-de-lamotte.remusat.fr\\\/\",\"name\":\"C\u00e9ramique de Lamotte par Renaud R\u00e9musat - Arts de la table, fresques sur mesure 24530 La Chapelle-Faucher - Tel : 0615941062\",\"description\":\"De la c\u00e9ramique fabriqu\u00e9 en P\u00e9rigord pr\u00e9s de Brant\u00f4me\",\"publisher\":{\"@id\":\"https:\\\/\\\/ceramique-de-lamotte.remusat.fr\\\/#organization\"},\"potentialAction\":[{\"@type\":\"SearchAction\",\"target\":{\"@type\":\"EntryPoint\",\"urlTemplate\":\"https:\\\/\\\/ceramique-de-lamotte.remusat.fr\\\/?s={search_term_string}\"},\"query-input\":{\"@type\":\"PropertyValueSpecification\",\"valueRequired\":true,\"valueName\":\"search_term_string\"}}],\"inLanguage\":\"fr-FR\"},{\"@type\":\"Organization\",\"@id\":\"https:\\\/\\\/ceramique-de-lamotte.remusat.fr\\\/#organization\",\"name\":\"C\u00e9ramique de Lamotte par Renaud R\u00e9musat - Arts de la table, fresques sur mesure 24530 La Chapelle-Faucher - Tel : 0615941062\",\"url\":\"https:\\\/\\\/ceramique-de-lamotte.remusat.fr\\\/\",\"logo\":{\"@type\":\"ImageObject\",\"inLanguage\":\"fr-FR\",\"@id\":\"https:\\\/\\\/ceramique-de-lamotte.remusat.fr\\\/#\\\/schema\\\/logo\\\/image\\\/\",\"url\":\"https:\\\/\\\/ceramique-de-lamotte.remusat.fr\\\/wp-content\\\/uploads\\\/2024\\\/07\\\/cropped-logos01.bmp\",\"contentUrl\":\"https:\\\/\\\/ceramique-de-lamotte.remusat.fr\\\/wp-content\\\/uploads\\\/2024\\\/07\\\/cropped-logos01.bmp\",\"width\":315,\"height\":312,\"caption\":\"C\u00e9ramique de Lamotte par Renaud R\u00e9musat  - Arts de la table, fresques sur mesure 24530 La Chapelle-Faucher - Tel : 0615941062\"},\"image\":{\"@id\":\"https:\\\/\\\/ceramique-de-lamotte.remusat.fr\\\/#\\\/schema\\\/logo\\\/image\\\/\"}}]}<\/script>\n<!-- \/ Yoast SEO plugin. -->","yoast_head_json":{"title":"6 Assiettes 27 cm, d\u00e9cor Emma, peint \"main lev\u00e9e\" et sign\u00e9 RRt - C\u00e9ramique de Lamotte par Renaud R\u00e9musat - Arts de la table, fresques sur mesure 24530 La Chapelle-Faucher - Tel : 0615941062","robots":{"index":"index","follow":"follow","max-snippet":"max-snippet:-1","max-image-preview":"max-image-preview:large","max-video-preview":"max-video-preview:-1"},"canonical":"https:\/\/ceramique-de-lamotte.remusat.fr\/?product=6-assiettes-27-cm-decor-emma-peint-main-levee-et-signe-rrt-copie","og_locale":"fr_FR","og_type":"article","og_title":"6 Assiettes 27 cm, d\u00e9cor Emma, peint \"main lev\u00e9e\" et sign\u00e9 RRt - C\u00e9ramique de Lamotte par Renaud R\u00e9musat - Arts de la table, fresques sur mesure 24530 La Chapelle-Faucher - Tel : 0615941062","og_description":"6 assiettes\u00a0 27cm, d\u00e9cor champ\u00eatre, peint \"main lev\u00e9e\" et sign\u00e9 RRt  D\u00e9cor sous couverte ( couleur ivoire)","og_url":"https:\/\/ceramique-de-lamotte.remusat.fr\/?product=6-assiettes-27-cm-decor-emma-peint-main-levee-et-signe-rrt-copie","og_site_name":"C\u00e9ramique de Lamotte par Renaud R\u00e9musat - Arts de la table, fresques sur mesure 24530 La Chapelle-Faucher - Tel : 0615941062","article_modified_time":"2025-03-17T09:37:20+00:00","og_image":[{"width":1975,"height":1717,"url":"https:\/\/ceramique-de-lamotte.remusat.fr\/wp-content\/uploads\/2024\/08\/1725122468059.jpg","type":"image\/jpeg"}],"twitter_card":"summary_large_image","twitter_misc":{"Dur\u00e9e de lecture estim\u00e9e":"1 minute"},"schema":{"@context":"https:\/\/schema.org","@graph":[{"@type":"WebPage","@id":"https:\/\/ceramique-de-lamotte.remusat.fr\/?product=6-assiettes-27-cm-decor-emma-peint-main-levee-et-signe-rrt-copie","url":"https:\/\/ceramique-de-lamotte.remusat.fr\/?product=6-assiettes-27-cm-decor-emma-peint-main-levee-et-signe-rrt-copie","name":"6 Assiettes 27 cm, d\u00e9cor Emma, peint \"main lev\u00e9e\" et sign\u00e9 RRt - C\u00e9ramique de Lamotte par Renaud R\u00e9musat - Arts de la table, fresques sur mesure 24530 La Chapelle-Faucher - Tel : 0615941062","isPartOf":{"@id":"https:\/\/ceramique-de-lamotte.remusat.fr\/#website"},"primaryImageOfPage":{"@id":"https:\/\/ceramique-de-lamotte.remusat.fr\/?product=6-assiettes-27-cm-decor-emma-peint-main-levee-et-signe-rrt-copie#primaryimage"},"image":{"@id":"https:\/\/ceramique-de-lamotte.remusat.fr\/?product=6-assiettes-27-cm-decor-emma-peint-main-levee-et-signe-rrt-copie#primaryimage"},"thumbnailUrl":"https:\/\/ceramique-de-lamotte.remusat.fr\/wp-content\/uploads\/2024\/08\/1725122468059.jpg","datePublished":"2024-08-31T18:32:04+00:00","dateModified":"2025-03-17T09:37:20+00:00","breadcrumb":{"@id":"https:\/\/ceramique-de-lamotte.remusat.fr\/?product=6-assiettes-27-cm-decor-emma-peint-main-levee-et-signe-rrt-copie#breadcrumb"},"inLanguage":"fr-FR","potentialAction":[{"@type":"ReadAction","target":["https:\/\/ceramique-de-lamotte.remusat.fr\/?product=6-assiettes-27-cm-decor-emma-peint-main-levee-et-signe-rrt-copie"]}]},{"@type":"ImageObject","inLanguage":"fr-FR","@id":"https:\/\/ceramique-de-lamotte.remusat.fr\/?product=6-assiettes-27-cm-decor-emma-peint-main-levee-et-signe-rrt-copie#primaryimage","url":"https:\/\/ceramique-de-lamotte.remusat.fr\/wp-content\/uploads\/2024\/08\/1725122468059.jpg","contentUrl":"https:\/\/ceramique-de-lamotte.remusat.fr\/wp-content\/uploads\/2024\/08\/1725122468059.jpg","width":1975,"height":1717},{"@type":"BreadcrumbList","@id":"https:\/\/ceramique-de-lamotte.remusat.fr\/?product=6-assiettes-27-cm-decor-emma-peint-main-levee-et-signe-rrt-copie#breadcrumb","itemListElement":[{"@type":"ListItem","position":1,"name":"Home","item":"https:\/\/ceramique-de-lamotte.remusat.fr\/"},{"@type":"ListItem","position":2,"name":"Boutique","item":"https:\/\/ceramique-de-lamotte.remusat.fr\/?page_id=7"},{"@type":"ListItem","position":3,"name":"6 Assiettes 27 cm, d\u00e9cor Emma, peint \u00ab\u00a0main lev\u00e9e\u00a0\u00bb et sign\u00e9 RRt"}]},{"@type":"WebSite","@id":"https:\/\/ceramique-de-lamotte.remusat.fr\/#website","url":"https:\/\/ceramique-de-lamotte.remusat.fr\/","name":"C\u00e9ramique de Lamotte par Renaud R\u00e9musat - Arts de la table, fresques sur mesure 24530 La Chapelle-Faucher - Tel : 0615941062","description":"De la c\u00e9ramique fabriqu\u00e9 en P\u00e9rigord pr\u00e9s de Brant\u00f4me","publisher":{"@id":"https:\/\/ceramique-de-lamotte.remusat.fr\/#organization"},"potentialAction":[{"@type":"SearchAction","target":{"@type":"EntryPoint","urlTemplate":"https:\/\/ceramique-de-lamotte.remusat.fr\/?s={search_term_string}"},"query-input":{"@type":"PropertyValueSpecification","valueRequired":true,"valueName":"search_term_string"}}],"inLanguage":"fr-FR"},{"@type":"Organization","@id":"https:\/\/ceramique-de-lamotte.remusat.fr\/#organization","name":"C\u00e9ramique de Lamotte par Renaud R\u00e9musat - Arts de la table, fresques sur mesure 24530 La Chapelle-Faucher - Tel : 0615941062","url":"https:\/\/ceramique-de-lamotte.remusat.fr\/","logo":{"@type":"ImageObject","inLanguage":"fr-FR","@id":"https:\/\/ceramique-de-lamotte.remusat.fr\/#\/schema\/logo\/image\/","url":"https:\/\/ceramique-de-lamotte.remusat.fr\/wp-content\/uploads\/2024\/07\/cropped-logos01.bmp","contentUrl":"https:\/\/ceramique-de-lamotte.remusat.fr\/wp-content\/uploads\/2024\/07\/cropped-logos01.bmp","width":315,"height":312,"caption":"C\u00e9ramique de Lamotte par Renaud R\u00e9musat  - Arts de la table, fresques sur mesure 24530 La Chapelle-Faucher - Tel : 0615941062"},"image":{"@id":"https:\/\/ceramique-de-lamotte.remusat.fr\/#\/schema\/logo\/image\/"}}]}},"jetpack_sharing_enabled":true,"_links":{"self":[{"href":"https:\/\/ceramique-de-lamotte.remusat.fr\/index.php?rest_route=\/wp\/v2\/product\/249","targetHints":{"allow":["GET"]}}],"collection":[{"href":"https:\/\/ceramique-de-lamotte.remusat.fr\/index.php?rest_route=\/wp\/v2\/product"}],"about":[{"href":"https:\/\/ceramique-de-lamotte.remusat.fr\/index.php?rest_route=\/wp\/v2\/types\/product"}],"replies":[{"embeddable":true,"href":"https:\/\/ceramique-de-lamotte.remusat.fr\/index.php?rest_route=%2Fwp%2Fv2%2Fcomments&post=249"}],"wp:featuredmedia":[{"embeddable":true,"href":"https:\/\/ceramique-de-lamotte.remusat.fr\/index.php?rest_route=\/wp\/v2\/media\/244"}],"wp:attachment":[{"href":"https:\/\/ceramique-de-lamotte.remusat.fr\/index.php?rest_route=%2Fwp%2Fv2%2Fmedia&parent=249"}],"wp:term":[{"taxonomy":"product_brand","embeddable":true,"href":"https:\/\/ceramique-de-lamotte.remusat.fr\/index.php?rest_route=%2Fwp%2Fv2%2Fproduct_brand&post=249"},{"taxonomy":"product_cat","embeddable":true,"href":"https:\/\/ceramique-de-lamotte.remusat.fr\/index.php?rest_route=%2Fwp%2Fv2%2Fproduct_cat&post=249"},{"taxonomy":"product_tag","embeddable":true,"href":"https:\/\/ceramique-de-lamotte.remusat.fr\/index.php?rest_route=%2Fwp%2Fv2%2Fproduct_tag&post=249"}],"curies":[{"name":"wp","href":"https:\/\/api.w.org\/{rel}","templated":true}]}}